{"id":22,"date":"2010-06-22T10:50:35","date_gmt":"2010-06-22T10:50:35","guid":{"rendered":"http:\/\/www.galuchat.ch\/fr\/?page_id=22"},"modified":"2014-09-20T08:05:27","modified_gmt":"2014-09-20T08:05:27","slug":"cites","status":"publish","type":"page","link":"https:\/\/www.galuchat.ch\/en\/?page_id=22","title":{"rendered":"CITES"},"content":{"rendered":"<p><strong>CITES \u2013 Convention on International Trade in Endangered Species<\/strong><span style=\"color: #ff00ff;\"><br \/>\n<\/span><\/p>\n<p>It\u2019s only through domestic laws or international conventions like CITES that a protected status can be regulated. If the CITES authorities determine that a species is endangered by international trade, they will put trade controls in place or forbid commerce altogether. There are no management plans or catch regulations whatsoever applicable to rays.<\/p>\n<p>Given that voluntary agreements on the protection of cartilaginous fish have proven ineffective, the CITES working group for sharks and rays has recommended measures to obtain trade statistics. The European Union wants to take more rigorous measures to protect these species, which means that the watch industry may soon need import and export permits for the trade in ray leather.<strong><a href=\"http:\/\/www.cites.org\/\" target=\"_blank\"><br \/>\nwww.cites.org<\/a><\/strong><\/p>\n<p><strong><a href=\"http:\/\/www.galuchat.ch\/en\/wordpress\/wp-content\/uploads\/2010\/06\/W_White_getoetete_Rochen_Indonesia1.jpg\"><img loading=\"lazy\" class=\"alignleft size-medium wp-image-453\" title=\"Copyright_W_White_getoetete_Rochen_Indonesia\" alt=\"\" src=\"http:\/\/www.galuchat.ch\/en\/wordpress\/wp-content\/uploads\/2010\/06\/W_White_getoetete_Rochen_Indonesia1-300x225.jpg\" width=\"300\" height=\"225\" srcset=\"https:\/\/www.galuchat.ch\/en\/wordpress\/wp-content\/uploads\/2010\/06\/W_White_getoetete_Rochen_Indonesia1-300x225.jpg 300w, https:\/\/www.galuchat.ch\/en\/wordpress\/wp-content\/uploads\/2010\/06\/W_White_getoetete_Rochen_Indonesia1.jpg 500w\" sizes=\"(max-width: 300px) 100vw, 300px\" \/><\/a><img loading=\"lazy\" title=\"Copyright_Biondo_2010_Baselworld\" alt=\"\" src=\"http:\/\/www.galuchat.ch\/fr\/wordpress\/wp-content\/uploads\/2010\/06\/M_Biondo_2010_Baselworld-300x245.jpg\" width=\"274\" height=\"224\" \/><\/strong><\/p>\n<p>&#8212;&#8212;&#8212;&#8212;&#8212;&#8212;&#8212;&#8212;&#8212;&#8212;&#8212;&#8212;&#8212;&#8212;&#8212;&#8212;&#8212;&#8212;&#8212;&#8212;&#8212;&#8212;&#8212;&#8212;&#8212;&#8212;&#8212;&#8212;&#8212;&#8212;&#8212;&#8212;&#8212;&#8212;&#8212;&#8212;&#8212;&#8212;&#8212;&#8212;&#8212;&#8212;&#8212;&#8212;&#8212;&#8212;&#8212;&#8212;&#8212;&#8212;&#8212;&#8211;<\/p>\n<p><strong><a href=\"http:\/\/www.galuchat.ch\/en\/wordpress\/wp-content\/uploads\/2013\/03\/Bangkok_Monica.jpg\"><img loading=\"lazy\" title=\"Bangkok_Monica\" alt=\"\" src=\"http:\/\/www.galuchat.ch\/en\/wordpress\/wp-content\/uploads\/2013\/03\/Bangkok_Monica.jpg\" width=\"250\" height=\"230\" \/><\/a><\/strong><a href=\"http:\/\/www.galuchat.ch\/en\/?page_id=600\" target=\"_blank\"><strong>&gt;&gt;&gt; JOURNAL TO THE<\/strong><\/a><strong><a href=\"http:\/\/www.galuchat.ch\/en\/?page_id=600\" target=\"_blank\"> 16TH CONFERENCE OF THE PARTIES, MARCH 3RD TO 16TH 2013, BANGKOK, THAILAND<\/a><\/strong><strong><\/strong><\/p>\n<p>Press releases (in German):<br \/>\n6. M\u00e4rz 2013: <a href=\"http:\/\/www.galuchat.ch\/en\/wordpress\/wp-content\/uploads\/2013\/03\/2013_03_06_PM_FFW_CITES.pdf\" target=\"_blank\">Das Aus f\u00fcr viele Tiere durch den internationalen Handel?<\/a><br \/>\n8. M\u00e4rz 2013: <a href=\"http:\/\/www.galuchat.ch\/en\/wordpress\/wp-content\/uploads\/2013\/03\/2013_03_08_PM_FFW_CITES.pdf\" target=\"_blank\">Feilschen um bedrohte Tiere und Pflanzen ist in vollem Gange<br \/>\n<\/a> 12. M\u00e4rz 2013:<a href=\"http:\/\/www.galuchat.ch\/en\/wordpress\/wp-content\/uploads\/2013\/03\/2013_03_12_PM_FFW_CITES.pdf\" target=\"_blank\">F\u00fcnf Hai- und zwei Rochenarten erhalten vielleicht etwas mehr Schutz. Nicht jedoch die S\u00fcsswasser-Stechrochen.<\/a><br \/>\n14. M\u00e4rz 2013: <a href=\"http:\/\/www.galuchat.ch\/en\/wordpress\/wp-content\/uploads\/2013\/03\/2013_03_14_PM_FFW_CITES.pdf\" target=\"_blank\">In 18 Monaten Handelskontrollen f\u00fcr f\u00fcnf Haiarten. Kein Schutz f\u00fcr Elefanten, Nash\u00f6rner und Eisb\u00e4ren.<\/a><\/p>\n<p>&nbsp;<\/p>\n","protected":false},"excerpt":{"rendered":"<p>CITES \u2013 Convention on International Trade in Endangered Species It\u2019s only through domestic laws or international conventions like CITES that a protected status can be regulated. If the CITES authorities determine that a species is endangered by international trade, they will put trade controls in place or forbid commerce altogether. There are no management plans [&hellip;]<\/p>\n","protected":false},"author":1,"featured_media":0,"parent":0,"menu_order":4,"comment_status":"open","ping_status":"closed","template":"","meta":[],"_links":{"self":[{"href":"https:\/\/www.galuchat.ch\/en\/index.php?rest_route=\/wp\/v2\/pages\/22"}],"collection":[{"href":"https:\/\/www.galuchat.ch\/en\/index.php?rest_route=\/wp\/v2\/pages"}],"about":[{"href":"https:\/\/www.galuchat.ch\/en\/index.php?rest_route=\/wp\/v2\/types\/page"}],"author":[{"embeddable":true,"href":"https:\/\/www.galuchat.ch\/en\/index.php?rest_route=\/wp\/v2\/users\/1"}],"replies":[{"embeddable":true,"href":"https:\/\/www.galuchat.ch\/en\/index.php?rest_route=%2Fwp%2Fv2%2Fcomments&post=22"}],"version-history":[{"count":29,"href":"https:\/\/www.galuchat.ch\/en\/index.php?rest_route=\/wp\/v2\/pages\/22\/revisions"}],"predecessor-version":[{"id":705,"href":"https:\/\/www.galuchat.ch\/en\/index.php?rest_route=\/wp\/v2\/pages\/22\/revisions\/705"}],"wp:attachment":[{"href":"https:\/\/www.galuchat.ch\/en\/index.php?rest_route=%2Fwp%2Fv2%2Fmedia&parent=22"}],"curies":[{"name":"wp","href":"https:\/\/api.w.org\/{rel}","templated":true}]}}