{"id":12,"date":"2010-06-22T10:44:15","date_gmt":"2010-06-22T10:44:15","guid":{"rendered":"http:\/\/www.galuchat.ch\/fr\/?page_id=12"},"modified":"2010-10-14T15:13:23","modified_gmt":"2010-10-14T15:13:23","slug":"biologie","status":"publish","type":"page","link":"https:\/\/www.galuchat.ch\/fr\/?page_id=12","title":{"rendered":"Biologie"},"content":{"rendered":"<p><strong>Les raies et les requins sont des poissons extraordinaires <\/strong><\/p>\n<p>Les raies, tout comme les requins sont des poissons cartilagineux. Leur squelette ne poss\u00e8de pas d\u2019os comme celui de l\u2019homme, mais du cartilage. La plupart des esp\u00e8ces de raies vivent en mer, mais on en trouve \u00e9galement quelques-unes dans les rivi\u00e8res. Elles se nourrissent de petits animaux et ne sont pas dangereuses pour l\u2019homme. Seules les \u00ab pastenagues\u00bb ont une \u00e9pine venimeuse \u00e0 la queue qu\u2019elles utilisent en cas de danger.<\/p>\n<p>Les raies et les requins ont une croissance lente et une maturit\u00e9 tardive. De plus, leur p\u00e9riode de gestation est longue et ils n\u2019ont que tr\u00e8s peu de descendants. En raison de ce cycle de vie, ils r\u00e9agissent de mani\u00e8re tr\u00e8s sensible \u00e0 la surp\u00eache qui menace leur survie. Le nombre de poissons cartilagineux pouvant \u00eatre p\u00each\u00e9 durablement est donc inf\u00e9rieur \u00e0 celui des poissons osseux. Ces derniers vivent souvent en de grands bancs. Leur cycle de vie est tr\u00e8s rapide et comporte un grand nombre de descendants. Malgr\u00e9 tout, m\u00eame ces esp\u00e8ces ont \u00e9t\u00e9 d\u00e9cim\u00e9es par la surp\u00eache.<\/p>\n<p>Aujourd\u2019hui on p\u00eache toujours plus de raies pour produire du cuir.<\/p>\n<p><strong><br \/>\nUne des raies les plus utilis\u00e9es pour la production de cuir est la:<\/strong><\/p>\n<p><strong>Pastenague plumet\u00e9e (<em>Pastinachus sephen)<\/em><\/strong><\/p>\n<p>Fish Base 2010: danger d\u2019extinction par la p\u00eache<img loading=\"lazy\" class=\"alignright size-medium wp-image-524\" title=\"Pastinachus_sephen_copyright_Monica_Biondo\" src=\"http:\/\/www.galuchat.ch\/fr\/wordpress\/wp-content\/uploads\/2010\/06\/Pastinachus_sephen_copyright_Monica_Biondo-300x225.jpg\" alt=\"\" width=\"300\" height=\"225\" srcset=\"https:\/\/www.galuchat.ch\/fr\/wordpress\/wp-content\/uploads\/2010\/06\/Pastinachus_sephen_copyright_Monica_Biondo-300x225.jpg 300w, https:\/\/www.galuchat.ch\/fr\/wordpress\/wp-content\/uploads\/2010\/06\/Pastinachus_sephen_copyright_Monica_Biondo.jpg 1000w\" sizes=\"(max-width: 300px) 100vw, 300px\" \/><br \/>\nListe rouge 2007: donn\u00e9es insuffisantes<\/p>\n<p>Dimension du disque: presque 2 m\u00e8tres. La Pastenague plumet\u00e9e (Engl: Cowtail Ray) figure dans l&#8217;Oc\u00e9an Indien et dans toute l\u2019Asie du Sud. La plupart du temps, elle vit dans une lagune de r\u00e9cif ou au bord d&#8217;un r\u00e9cif, mais elle peut aussi \u00eatre rencontr\u00e9e dans des rivi\u00e8res loin de la mer. Elle mange des poissons, des vers, des crevettes et des langoustines. Autrefois, les raies \u00e9taient mang\u00e9es et leur peau \u00e9tait utilis\u00e9e pour le polissage du bois.<\/p>\n<p>Aujourd\u2019hui, la Pastenague plumet\u00e9e est la raie la plus p\u00each\u00e9e pour la production de cuir, essentiellement pour ses trois gros grains qui se trouvent au centre de son dos. Ceux-ci rendent le cuir sp\u00e9cialement noble. Elle est surtout p\u00each\u00e9e en Asie du Sud. Les biologistes de p\u00eache craignent qu\u2019elle disparaisse bient\u00f4t<br \/>\n(<a href=\"http:\/\/www.fishbase.org\" target=\"_blank\">www.fishbase.org<\/a>).<\/p>\n<p><strong><br \/>\nLes esp\u00e8ces suivantes sont \u00e9galement p\u00each\u00e9es:<\/strong><\/p>\n<p><img loading=\"lazy\" class=\"size-medium wp-image-27 alignright\" title=\"Copyright_Zuberbuehler_Manta_birostris\" src=\"http:\/\/www.galuchat.ch\/fr\/wordpress\/wp-content\/uploads\/2010\/06\/T_Zuberbuehler_Manta_birostris-300x225.jpg\" alt=\"\" width=\"300\" height=\"225\" srcset=\"https:\/\/www.galuchat.ch\/fr\/wordpress\/wp-content\/uploads\/2010\/06\/T_Zuberbuehler_Manta_birostris-300x225.jpg 300w, https:\/\/www.galuchat.ch\/fr\/wordpress\/wp-content\/uploads\/2010\/06\/T_Zuberbuehler_Manta_birostris.jpg 400w\" sizes=\"(max-width: 300px) 100vw, 300px\" \/><\/p>\n<p><strong> <\/strong><\/p>\n<p><strong>Petite raie manta <\/strong><strong>(<\/strong><strong><em>Mobula mobular<\/em><\/strong><strong>)<\/strong> Liste rouge 2006: en danger<br \/>\nListe rouge 2000: vuln\u00e9rable<\/p>\n<p>Dimension du disque: plus que 5 m\u00e8tres. Cette esp\u00e8ce est sp\u00e9cialement vuln\u00e9rable puisqu\u2019elle est peu r\u00e9pandue (M\u00e9diterran\u00e9e et Mer noire) et qu\u2019elle n\u2019a qu\u2019un faible taux de reproduction. Elle est souvent une victime accidentelle de la p\u00eache industrielle. Des peaux de Manta sont actuellement propos\u00e9es sur Internet.<br \/>\n<span style=\"color: #333333;\">&#8230;<\/span><\/p>\n<p><span style=\"color: #333333;\">&#8230;<\/span><\/p>\n<p><span style=\"color: #333333;\">&#8230;<\/span><\/p>\n<p><strong> <\/strong><\/p>\n<p><strong> <\/strong><\/p>\n<p><strong>Raie l\u00e9opard <\/strong><strong>(<\/strong><strong><em>Aetobatus narinari<\/em><\/strong><strong>)<\/strong><\/p>\n<p><img loading=\"lazy\" class=\"size-medium wp-image-28 alignright\" title=\"Copyright_Field_Aetobatus_1\" src=\"http:\/\/www.galuchat.ch\/fr\/wordpress\/wp-content\/uploads\/2010\/06\/R_Field_Aetobatus_1-300x204.jpg\" alt=\"\" width=\"300\" height=\"204\" srcset=\"https:\/\/www.galuchat.ch\/fr\/wordpress\/wp-content\/uploads\/2010\/06\/R_Field_Aetobatus_1-300x204.jpg 300w, https:\/\/www.galuchat.ch\/fr\/wordpress\/wp-content\/uploads\/2010\/06\/R_Field_Aetobatus_1.jpg 500w\" sizes=\"(max-width: 300px) 100vw, 300px\" \/><\/p>\n<p>Liste rouge 2006: potentiellement menac\u00e9e<br \/>\nListe rouge 2000: donn\u00e9es insuffisantes<\/p>\n<p>Dimension du disque: plus de 3 m\u00e8tres. Une grande raie, sp\u00e9cialement appr\u00e9ci\u00e9e des plongeurs sous-marins. Les raies l\u00e9opard vivent dans les eaux chaudes de l&#8217;Oc\u00e9an Indien jusqu\u2019\u00e0 l\u2019Atlantique Est et Ouest. Suite \u00e0 une p\u00eache excessive, leur effectif est en forte diminution. Leurs peaux sont aujourd\u2019hui tr\u00e8s pris\u00e9es par l\u2019industrie du cuir.<\/p>\n<p><strong> <\/strong><\/p>\n<p><span style=\"color: #333333;\">&#8230;<\/span><\/p>\n<p><span style=\"color: #333333;\"><span style=\"color: #333333;\">.<\/span><\/span><\/p>\n<p><span style=\"color: #333333;\"><span style=\"color: #333333;\"><span style=\"color: #333333;\">.<\/span><br \/>\n<\/span><\/span><\/p>\n<p><strong>Pastenague \u00e0 points bleus (<em>Taeniura lymma)<\/em><\/strong><strong><em><img loading=\"lazy\" class=\"size-medium wp-image-445 alignright\" title=\"Copyright_Biondo_Taeniura_lymma\" src=\"http:\/\/www.galuchat.ch\/fr\/wordpress\/wp-content\/uploads\/2010\/06\/Biondo_Taeniura_lymma-300x236.jpg\" alt=\"\" width=\"300\" height=\"236\" srcset=\"https:\/\/www.galuchat.ch\/fr\/wordpress\/wp-content\/uploads\/2010\/06\/Biondo_Taeniura_lymma-300x236.jpg 300w, https:\/\/www.galuchat.ch\/fr\/wordpress\/wp-content\/uploads\/2010\/06\/Biondo_Taeniura_lymma.jpg 500w\" sizes=\"(max-width: 300px) 100vw, 300px\" \/><\/em><\/strong><br \/>\nListe rouge 2005: potentiellement menac\u00e9e<br \/>\nListe rouge 2000: risque bas\/potentiellement menac\u00e9<\/p>\n<p>Dimension du disque: environ 0.3 m\u00e8tres. La raie pastenague \u00e0 points bleus vit proche des r\u00e9cifs corallins dans l&#8217;Oc\u00e9an Indien Ouest. Ces petits individus sont tr\u00e8s recherch\u00e9s par les aquariophiles, mais ils ne survivent pas longtemps dans les aquariums. Il n&#8217;y a aucune information sur leur \u00e2ge de maturit\u00e9, leur long\u00e9vit\u00e9, leur reproduction moyenne et leur f\u00e9condit\u00e9 annuelle. Il n&#8217;y a \u00e9galement aucune initiative de conservation ou de r\u00e9glementation pour cette esp\u00e8ce.<\/p>\n<p><span style=\"color: #333333;\">.<\/span><\/p>\n<p><span style=\"color: #333333;\">.<\/span><\/p>\n<p><strong>Deux des requins les plus utilis\u00e9s pour l\u2019industrie du cuir:<\/strong><\/p>\n<p><strong>La petite roussette <em>(Scyliorhinus canicula)<\/em><\/strong><img loading=\"lazy\" class=\"alignright size-medium wp-image-449\" title=\"Copyright_ DEG_H_Zidowitz_Scyliorhinus\" src=\"http:\/\/www.galuchat.ch\/fr\/wordpress\/wp-content\/uploads\/2010\/06\/DEG_H_Zidowitz_Scyliorhinus_1-300x225.jpg\" alt=\"\" width=\"300\" height=\"225\" srcset=\"https:\/\/www.galuchat.ch\/fr\/wordpress\/wp-content\/uploads\/2010\/06\/DEG_H_Zidowitz_Scyliorhinus_1-300x225.jpg 300w, https:\/\/www.galuchat.ch\/fr\/wordpress\/wp-content\/uploads\/2010\/06\/DEG_H_Zidowitz_Scyliorhinus_1.jpg 500w\" sizes=\"(max-width: 300px) 100vw, 300px\" \/><br \/>\nListe rouge 2010: pas \u00e9valu\u00e9e<\/p>\n<p>Ce petit requin ne d\u00e9passe pas les 60 cm de longueur et est aussi nomm\u00e9s saumonette. La petite roussette vit dans la Mer du Nord, dans l\u2019Oc\u00e9an Atlantique et la M\u00e9diterran\u00e9e. Ses milieux de vie sont les fonds meubles de sable, de vase ou de gravier jusqu\u2019\u00e0 une profondeur de 400 m\u00e8tres.<\/p>\n<p><span style=\"color: #333333;\">&#8230;<\/span><\/p>\n<p><span style=\"color: #333333;\">&#8230;<\/span><\/p>\n<p><span style=\"color: #333333;\"><span style=\"color: #333333;\">.<\/span><\/span><\/p>\n<p><span style=\"color: #333333;\"><span style=\"color: #333333;\"><span style=\"color: #333333;\">.<\/span><br \/>\n<\/span><\/span><\/p>\n<p><strong> <\/strong><\/p>\n<p><strong>La grande roussette <em>(Scyliorhinus stellaris)<\/em><\/strong><strong><em><img loading=\"lazy\" class=\"alignright size-medium wp-image-154\" title=\"Scyliorhinus_canicula_Copyright_OCEANA.jpg\" src=\"http:\/\/www.galuchat.ch\/fr\/wordpress\/wp-content\/uploads\/2010\/06\/OCEANA-LX-20652-300x225.jpg\" alt=\"\" width=\"300\" height=\"225\" srcset=\"https:\/\/www.galuchat.ch\/fr\/wordpress\/wp-content\/uploads\/2010\/06\/OCEANA-LX-20652-300x225.jpg 300w, https:\/\/www.galuchat.ch\/fr\/wordpress\/wp-content\/uploads\/2010\/06\/OCEANA-LX-20652.jpg 600w\" sizes=\"(max-width: 300px) 100vw, 300px\" \/><\/em><\/strong><br \/>\nListe rouge 2010: pas \u00e9valu\u00e9e<\/p>\n<p>La grande roussette ne mesure pas plus de 1.7 m\u00e8tres et a une dur\u00e9e de vie de 19 ans. Elle est pr\u00e9sente dans l\u2019O c\u00e9an Atlantique du Nord Est et dans la M\u00e9diterran\u00e9e. Elle peut descendre \u00e0 une profondeur de plus de 100 m\u00e8tres.<\/p>\n<p><span style=\"color: #333333;\">&#8230;<\/span><\/p>\n<p><span style=\"color: #333333;\">&#8230;<\/span><\/p>\n<p><span style=\"color: #333333;\"><span style=\"color: #333333;\">.<\/span><\/span><\/p>\n<p><span style=\"color: #333333;\"><span style=\"color: #333333;\"><span style=\"color: #333333;\">.<\/span><br \/>\n<\/span><\/span><\/p>\n<p><strong>Les esp\u00e8ces suivantes sont \u00e9galement p\u00each\u00e9es:<\/strong><span style=\"color: #333333;\"><span style=\"color: #333333;\"><span style=\"color: #333333;\"> <\/span> <\/span><\/span><\/p>\n<p><strong>L\u2019<\/strong><strong>aiguillat commun <em>(Squalus acanthias)<img loading=\"lazy\" class=\"alignright size-medium wp-image-455\" title=\"Copyright_DEG_H_Zidowitz_Squalus_acanthias\" src=\"http:\/\/www.galuchat.ch\/fr\/wordpress\/wp-content\/uploads\/2010\/06\/DEG_H_Zidowitz_Squalus_acanthias-300x225.jpg\" alt=\"\" width=\"300\" height=\"225\" srcset=\"https:\/\/www.galuchat.ch\/fr\/wordpress\/wp-content\/uploads\/2010\/06\/DEG_H_Zidowitz_Squalus_acanthias-300x225.jpg 300w, https:\/\/www.galuchat.ch\/fr\/wordpress\/wp-content\/uploads\/2010\/06\/DEG_H_Zidowitz_Squalus_acanthias.jpg 500w\" sizes=\"(max-width: 300px) 100vw, 300px\" \/><\/em><\/strong><br \/>\nListe rouge 2006: vuln\u00e9rable<br \/>\nListe rouge 2000: potentiellement menac\u00e9<\/p>\n<p>Leur surnom de <strong>chiens de mer<\/strong> est d\u00fb au fait que ces requins se d\u00e9placent et chassent souvent en groupes nombreux, comme les chiens. Ce petit requin atteint 1.6 m\u00e8tres, 9 kg et peut vivre jusqu&#8217;\u00e0 75 ans, mais il ne devient mature qu&#8217;\u00e0 l&#8217;\u00e2ge de 10 \u00e0 30 ans. Apr\u00e8s une p\u00e9riode de gestation de 22 mois il n&#8217;a que deux petits. Cette esp\u00e8ce migratrice est r\u00e9pandue dans les eaux temp\u00e9r\u00e9es du monde. Pour ces requins, il n&#8217;y a que peu de r\u00e9glementations r\u00e9gionales concernant leur p\u00eache.<\/p>\n<p><span style=\"color: #333333;\">&#8230;<\/span><\/p>\n<p><strong> <\/strong><\/p>\n<p><strong>Le requin tigre<\/strong> (<strong><em>Galeocerdo cuvier<\/em><\/strong>)<br \/>\nListe rouge 2005: potentiellement menac\u00e9<img loading=\"lazy\" class=\"alignright size-medium wp-image-475\" title=\"Copyright_SHARKWATER_Requin-Tigre\" src=\"http:\/\/www.galuchat.ch\/fr\/wordpress\/wp-content\/uploads\/2010\/06\/Requin-Tigre_kl2-300x199.jpg\" alt=\"\" width=\"300\" height=\"199\" srcset=\"https:\/\/www.galuchat.ch\/fr\/wordpress\/wp-content\/uploads\/2010\/06\/Requin-Tigre_kl2-300x199.jpg 300w, https:\/\/www.galuchat.ch\/fr\/wordpress\/wp-content\/uploads\/2010\/06\/Requin-Tigre_kl2.jpg 450w\" sizes=\"(max-width: 300px) 100vw, 300px\" \/><br \/>\nListe rouge 2000: risque moyen (lower risk)\/ potentiellement menac\u00e9<\/p>\n<p>Le<strong> <\/strong>requin tigre fait partie des plus grandes esp\u00e8ces de requins. Il peut mesurer jusqu\u2019\u00e0 5 m\u00e8tres, peser 750 kg et atteindre l&#8217;\u00e2ge de 50 ans. Il n&#8217;est mature qu&#8217;\u00e0 l&#8217;\u00e2ge de 9 ans et a une p\u00e9riode de gestation d&#8217;une ann\u00e9e. Il habite les c\u00f4tes, mais aussi les milieux p\u00e9lagiques dans toutes les mers temp\u00e9r\u00e9es et tropicales jusqu\u2019\u00e0 une profondeur de 350 m\u00e8tres, avec une pr\u00e9f\u00e9rence pour les eaux estuaires et les lagons. Il n&#8217;existe pas de mesure de conservation ou de gestion pour le requin tigre.<\/p>\n<p><span style=\"color: #333333;\">.<\/span><\/p>\n<p><strong>Le grand requin-marteau<\/strong><strong> (<em>Sphyrna mokarran<\/em>)<img loading=\"lazy\" class=\"alignright size-medium wp-image-466\" title=\"Copyright_starfish.ch_Zubi_Sphyrna_lewini\" src=\"http:\/\/www.galuchat.ch\/fr\/wordpress\/wp-content\/uploads\/2010\/06\/Sphyrna_lewini_starfish_Zubi-300x203.jpg\" alt=\"\" width=\"300\" height=\"203\" srcset=\"https:\/\/www.galuchat.ch\/fr\/wordpress\/wp-content\/uploads\/2010\/06\/Sphyrna_lewini_starfish_Zubi-300x203.jpg 300w, https:\/\/www.galuchat.ch\/fr\/wordpress\/wp-content\/uploads\/2010\/06\/Sphyrna_lewini_starfish_Zubi.jpg 500w\" sizes=\"(max-width: 300px) 100vw, 300px\" \/><\/strong><br \/>\nListe rouge 2007: en danger<br \/>\nListe rouge 2000: donn\u00e9es insuffisantes<\/p>\n<p>Le requin tigre arrive \u00e0 atteindre une grandeur de 6 m\u00e8tres et 400 kg, et il a une p\u00e9riode de gestation plus longue que l&#8217;\u00eatre humain. Il vit dans les milieux p\u00e9lagiques et parfois proche des c\u00f4tes des  oc\u00e9ans tropicaux, la Mer Rouge et la M\u00e9diterran\u00e9e, entre la surface et 100  m\u00e8tres de profondeur.<\/p>\n<p><span style=\"color: #333333;\">&#8230;<\/span><\/p>\n<p><span style=\"color: #333333;\"><span style=\"color: #333333;\">.<\/span><br \/>\n<\/span><\/p>\n<p><strong><span style=\"color: #333333;\"> <\/span><\/strong><\/p>\n<p><strong>Le requin du Groenland<\/strong><strong> <\/strong><strong>(<em>Somniosus microcephalus<\/em>)<\/strong><br \/>\nListe rouge 2006: potentiellement menac\u00e9<\/p>\n<p>Le requin du Groenland peut arriver \u00e0 une grandeur de 7 m\u00e8tres et peser 770 kg avec une maturit\u00e9 tr\u00e8s tardive . Il est un des seuls requins d&#8217;eaux polaires du nord, de l\u2019Atlantique et du Pacifique qui vit jusqu&#8217;\u00e0 une profondeur de plus de 2000 m\u00e8tres. Il semble grandir tr\u00e8s lentement et vivre plus de 200 ans.<\/p>\n","protected":false},"excerpt":{"rendered":"<p>Les raies et les requins sont des poissons extraordinaires Les raies, tout comme les requins sont des poissons cartilagineux. Leur squelette ne poss\u00e8de pas d\u2019os comme celui de l\u2019homme, mais du cartilage. La plupart des esp\u00e8ces de raies vivent en mer, mais on en trouve \u00e9galement quelques-unes dans les rivi\u00e8res. Elles se nourrissent de petits [&hellip;]<\/p>\n","protected":false},"author":1,"featured_media":0,"parent":0,"menu_order":0,"comment_status":"open","ping_status":"closed","template":"","meta":[],"_links":{"self":[{"href":"https:\/\/www.galuchat.ch\/fr\/index.php?rest_route=\/wp\/v2\/pages\/12"}],"collection":[{"href":"https:\/\/www.galuchat.ch\/fr\/index.php?rest_route=\/wp\/v2\/pages"}],"about":[{"href":"https:\/\/www.galuchat.ch\/fr\/index.php?rest_route=\/wp\/v2\/types\/page"}],"author":[{"embeddable":true,"href":"https:\/\/www.galuchat.ch\/fr\/index.php?rest_route=\/wp\/v2\/users\/1"}],"replies":[{"embeddable":true,"href":"https:\/\/www.galuchat.ch\/fr\/index.php?rest_route=%2Fwp%2Fv2%2Fcomments&post=12"}],"version-history":[{"count":126,"href":"https:\/\/www.galuchat.ch\/fr\/index.php?rest_route=\/wp\/v2\/pages\/12\/revisions"}],"predecessor-version":[{"id":14,"href":"https:\/\/www.galuchat.ch\/fr\/index.php?rest_route=\/wp\/v2\/pages\/12\/revisions\/14"}],"wp:attachment":[{"href":"https:\/\/www.galuchat.ch\/fr\/index.php?rest_route=%2Fwp%2Fv2%2Fmedia&parent=12"}],"curies":[{"name":"wp","href":"https:\/\/api.w.org\/{rel}","templated":true}]}}