{"id":17,"date":"2010-06-22T10:48:18","date_gmt":"2010-06-22T10:48:18","guid":{"rendered":"http:\/\/www.galuchat.ch\/fr\/?page_id=17"},"modified":"2010-10-14T14:24:58","modified_gmt":"2010-10-14T14:24:58","slug":"cuir","status":"publish","type":"page","link":"https:\/\/www.galuchat.ch\/fr\/?page_id=17","title":{"rendered":"Cuir"},"content":{"rendered":"<p><strong>Raies<\/strong><br \/>\nLes raies comptent parmi les esp\u00e8ces les plus menac\u00e9es d\u2019Europe. En   Asie elles sont de plus en plus p\u00each\u00e9es pour la production de cuir.   Malgr\u00e9 cela, elles ne sont pas prot\u00e9g\u00e9es. La p\u00eache incontr\u00f4l\u00e9e les   d\u00e9cime davantage.<\/p>\n<p>La plupart des raies utilis\u00e9es pour le cuir sont de la famille des pat\u00e9nagues (Dasyatidae).<strong> <\/strong>Sur des sites Internet on trouve \u00e9galement la mise en vente de la petite raie manta et de la raie l\u00e9opard.<\/p>\n<p>En Indon\u00e9sie, les raies servent de nourriture, mais l\u2019industrie du cuir reste \u00e9galement un facteur moteur de leur p\u00eache. Surtout en Tha\u00eflande, de plus en plus de produits sont fabriqu\u00e9s avec le cuir de raie.<\/p>\n<p>Il faut savoir qu&#8217;il n\u2019est pas possible d&#8217;\u00e9lever des raies.<\/p>\n<p><img loading=\"lazy\" class=\"alignnone size-medium wp-image-412\" title=\"Copyright_W_White_skinned_ray\" src=\"http:\/\/www.galuchat.ch\/fr\/wordpress\/wp-content\/uploads\/2010\/06\/W_White_skinned_ray4-300x279.jpg\" alt=\"\" width=\"273\" height=\"253\" srcset=\"https:\/\/www.galuchat.ch\/fr\/wordpress\/wp-content\/uploads\/2010\/06\/W_White_skinned_ray4-300x279.jpg 300w, https:\/\/www.galuchat.ch\/fr\/wordpress\/wp-content\/uploads\/2010\/06\/W_White_skinned_ray4.jpg 500w\" sizes=\"(max-width: 273px) 100vw, 273px\" \/><img loading=\"lazy\" class=\"alignnone size-medium wp-image-33\" title=\"Copyright_White_Rochenleder_trocknend\" src=\"http:\/\/www.galuchat.ch\/fr\/wordpress\/wp-content\/uploads\/2010\/06\/W_White_Rochenleder_trocknend-225x300.jpg\" alt=\"\" width=\"225\" height=\"300\" srcset=\"https:\/\/www.galuchat.ch\/fr\/wordpress\/wp-content\/uploads\/2010\/06\/W_White_Rochenleder_trocknend-225x300.jpg 225w, https:\/\/www.galuchat.ch\/fr\/wordpress\/wp-content\/uploads\/2010\/06\/W_White_Rochenleder_trocknend.jpg 400w\" sizes=\"(max-width: 225px) 100vw, 225px\" \/><\/p>\n<p><strong> <\/strong><\/p>\n<p><strong><br \/>\nRequins<\/strong><\/p>\n<p>Chaque ann\u00e9e, 100 millions de requins sont tu\u00e9s pour leurs   nageoires qui agr\u00e9mentent les soupes asiatiques, et pour leur peau qui est utilis\u00e9e pour la fabrication du cuir. Pour la plupart, leurs nageoires sont coup\u00e9es et les animaux sont rejet\u00e9s \u00e0 la mer encore vivants.<\/p>\n<p>Les esp\u00e8ces comme la petite et la grande roussette, mais aussi les requins tigre, du Groenland et les requins-marteaux sont utilis\u00e9s pour la production de cuir.<\/p>\n<p>Contre cette utilisation industrielle aucun requin n&#8217;est prot\u00e9g\u00e9 et il n&#8217;existe pas d&#8217;\u00e9levage de requins.<\/p>\n<p><img loading=\"lazy\" class=\"alignnone size-medium wp-image-415\" title=\"OCEANA_skinned_S_canicula\" src=\"http:\/\/www.galuchat.ch\/fr\/wordpress\/wp-content\/uploads\/2010\/06\/OCEANA_skinned_S_canicula1-300x225.jpg\" alt=\"\" width=\"263\" height=\"196\" srcset=\"https:\/\/www.galuchat.ch\/fr\/wordpress\/wp-content\/uploads\/2010\/06\/OCEANA_skinned_S_canicula1-300x225.jpg 300w, https:\/\/www.galuchat.ch\/fr\/wordpress\/wp-content\/uploads\/2010\/06\/OCEANA_skinned_S_canicula1.jpg 500w\" sizes=\"(max-width: 263px) 100vw, 263px\" \/><img loading=\"lazy\" class=\"alignnone size-medium wp-image-35\" title=\"Copyright_Biondo_Hai_Leder\" src=\"http:\/\/www.galuchat.ch\/fr\/wordpress\/wp-content\/uploads\/2010\/06\/M_Biondo_Hai_Leder-300x164.jpg\" alt=\"\" width=\"300\" height=\"164\" srcset=\"https:\/\/www.galuchat.ch\/fr\/wordpress\/wp-content\/uploads\/2010\/06\/M_Biondo_Hai_Leder-300x164.jpg 300w, https:\/\/www.galuchat.ch\/fr\/wordpress\/wp-content\/uploads\/2010\/06\/M_Biondo_Hai_Leder.jpg 500w\" sizes=\"(max-width: 300px) 100vw, 300px\" \/><\/p>\n","protected":false},"excerpt":{"rendered":"<p>Raies Les raies comptent parmi les esp\u00e8ces les plus menac\u00e9es d\u2019Europe. En Asie elles sont de plus en plus p\u00each\u00e9es pour la production de cuir. Malgr\u00e9 cela, elles ne sont pas prot\u00e9g\u00e9es. La p\u00eache incontr\u00f4l\u00e9e les d\u00e9cime davantage. La plupart des raies utilis\u00e9es pour le cuir sont de la famille des pat\u00e9nagues (Dasyatidae). Sur des [&hellip;]<\/p>\n","protected":false},"author":1,"featured_media":0,"parent":0,"menu_order":0,"comment_status":"open","ping_status":"closed","template":"","meta":[],"_links":{"self":[{"href":"https:\/\/www.galuchat.ch\/fr\/index.php?rest_route=\/wp\/v2\/pages\/17"}],"collection":[{"href":"https:\/\/www.galuchat.ch\/fr\/index.php?rest_route=\/wp\/v2\/pages"}],"about":[{"href":"https:\/\/www.galuchat.ch\/fr\/index.php?rest_route=\/wp\/v2\/types\/page"}],"author":[{"embeddable":true,"href":"https:\/\/www.galuchat.ch\/fr\/index.php?rest_route=\/wp\/v2\/users\/1"}],"replies":[{"embeddable":true,"href":"https:\/\/www.galuchat.ch\/fr\/index.php?rest_route=%2Fwp%2Fv2%2Fcomments&post=17"}],"version-history":[{"count":43,"href":"https:\/\/www.galuchat.ch\/fr\/index.php?rest_route=\/wp\/v2\/pages\/17\/revisions"}],"predecessor-version":[{"id":34,"href":"https:\/\/www.galuchat.ch\/fr\/index.php?rest_route=\/wp\/v2\/pages\/17\/revisions\/34"}],"wp:attachment":[{"href":"https:\/\/www.galuchat.ch\/fr\/index.php?rest_route=%2Fwp%2Fv2%2Fmedia&parent=17"}],"curies":[{"name":"wp","href":"https:\/\/api.w.org\/{rel}","templated":true}]}}