{"id":195,"date":"2010-07-18T15:46:17","date_gmt":"2010-07-18T15:46:17","guid":{"rendered":"http:\/\/www.galuchat.ch\/fr\/?page_id=195"},"modified":"2026-03-09T16:33:10","modified_gmt":"2026-03-09T16:33:10","slug":"news","status":"publish","type":"page","link":"https:\/\/www.galuchat.ch\/fr\/?page_id=195","title":{"rendered":"Actualit\u00e9"},"content":{"rendered":"<p><a href=\"https:\/\/www.youtube.com\/watch?v=pJpYddUA2xc\" target=\"_blank\" rel=\"noopener noreferrer\"><em>Les animaux ressentent-ils la douleur ? part 1<\/em><\/a><br \/>\n<a href=\"https:\/\/www.youtube.com\/watch?v=GI-5P_4WcLA\" target=\"_blank\" rel=\"noopener noreferrer\"><em>part 2<\/em><\/a><br \/>\n<a href=\"http:\/\/www.arte.tv\/guide\/fr\/055916-014\/x-enius\" target=\"_blank\" rel=\"noopener noreferrer\"> ARTE X:enius, 20 avril 2015<\/a><\/p>\n<p><a href=\"http:\/\/www.galuchat.ch\/fr\/wordpress\/wp-content\/uploads\/2015\/02\/2015_02_nereus_Rochen.pdf\" target=\"_blank\" rel=\"noopener noreferrer\">Die Segler der Weltmeere<\/a><br \/>\n<a href=\"http:\/\/www.galuchat.ch\/fr\/wordpress\/wp-content\/uploads\/2015\/02\/2015_02_nereus_Rochen.pdf\" target=\"_blank\" rel=\"noopener noreferrer\"> Nereus 1, 2015<\/a><\/p>\n<p><a href=\"http:\/\/www.galuchat.ch\/fr\/wordpress\/wp-content\/uploads\/2014\/10\/2014_10_Schweizer_Familie_Rochen.pdf\" target=\"_blank\" rel=\"noopener noreferrer\">Segler der Weltmeere<\/a><br \/>\n<a href=\"http:\/\/www.galuchat.ch\/fr\/wordpress\/wp-content\/uploads\/2014\/10\/2014_10_Schweizer_Familie_Rochen.pdf\" target=\"_blank\" rel=\"noopener noreferrer\"> Schweizer Familie, October 2014<\/a><\/p>\n<p><a href=\"http:\/\/cites.org\/fra\/shark_ray_listings_come_into_effect.php\" target=\"_blank\" rel=\"noopener noreferrer\">Une protection renforc\u00e9e pour cinque esp\u00e8ces de requins et pour toutes les raies manta<\/a><br \/>\n<a href=\"http:\/\/cites.org\/fra\/shark_ray_listings_come_into_effect.php\" target=\"_blank\" rel=\"noopener noreferrer\">Communiqu\u00e9 de presse CITES, 12 septembre 2014<\/a><\/p>\n<p><a href=\"http:\/\/www.galuchat.ch\/fr\/?attachment_id=748\" target=\"_blank\" rel=\"noopener noreferrer\">Keine Rochen und Haie fu\u0308r die Schweizer Uhrenindustrie<\/a><br \/>\n<a href=\"http:\/\/www.galuchat.ch\/fr\/?attachment_id=748\" target=\"_blank\" rel=\"noopener noreferrer\"> Communiqu\u00e9 de presse, 31 mars 2014<\/a><\/p>\n<p><a href=\"http:\/\/www.galuchat.ch\/fr\/?attachment_id=745\" target=\"_blank\" rel=\"noopener noreferrer\">A quarter of sharks and rays threatened with extinction<\/a><br \/>\n<a href=\"http:\/\/www.galuchat.ch\/fr\/?attachment_id=745\" target=\"_blank\" rel=\"noopener noreferrer\"> IUCN World Conservation Union, 21 janvier 2014<\/a><\/p>\n<p><a href=\"http:\/\/www.galuchat.ch\/fr\/wordpress\/wp-content\/uploads\/2013\/12\/tw1347_022-023_hai.pdf\" target=\"_blank\" rel=\"noopener noreferrer\">Haie sind viel besser als ihr Ruf<br \/>\nTierwelt\/47, 21 novembre 2013<\/a><\/p>\n<p><a href=\"http:\/\/www.galuchat.ch\/fr\/wordpress\/wp-content\/uploads\/2013\/10\/2013_05_Aquanaut.jpg\" target=\"_blank\" rel=\"noopener noreferrer\">Kampf gegen Rochen- und Haileder<br \/>\nAquanaut mai\/juin 2013<\/a><\/p>\n<p><a href=\"http:\/\/naturschutz.ch\/news\/keine-haie-toten-fur-schweizer-uhren\/63820\" target=\"_blank\" rel=\"noopener noreferrer\">Keine Haie t\u00f6ten f\u00fcr Schweizer Uhren<br \/>\nwww.naturschutz.ch, 24 avril 2013<\/a><\/p>\n<p><a href=\"http:\/\/www.galuchat.ch\/fr\/wordpress\/wp-content\/uploads\/2013\/04\/2013_PM_Baselworld.pdf\" target=\"_blank\" rel=\"noopener noreferrer\">Baselworld 2013<br \/>\nKeine bedrohten Tiere f\u00fcr die Uhren- und Luxusindustrie<br \/>\nCommuniqu\u00e9 de presse, 24 avril 2013<\/a><\/p>\n<p><a href=\"http:\/\/www.galuchat.ch\/fr\/wordpress\/wp-content\/uploads\/2013\/04\/2013_Open_Letter_Aussteller_F.pdf\" target=\"_blank\" rel=\"noopener noreferrer\">Lettre ouverte \u00e0 tous les exposants de la Baselworld 2013<br \/>\n23 avril 2013<\/a><\/p>\n<p><a href=\"http:\/\/www.galuchat.ch\/fr\/?page_id=664\" target=\"_blank\" rel=\"noopener noreferrer\">16\u00e8me conf\u00e9rence CITES (Convention on International Trade of Endangered Species of Wild Fauna and Flora)<br \/>\nBangkok, Tha\u00eflande, 3 &#8211; 14 mars 2013<\/a><\/p>\n<p><a href=\"http:\/\/www.galuchat.ch\/fr\/wordpress\/wp-content\/uploads\/2013\/04\/2013_03_Sensetaler_Biondo_YR.jpg\" target=\"_blank\" rel=\"noopener noreferrer\">Hilfe f\u00fcr Meeresbewohner<br \/>\nK\u00f6nizer Zeitung \u2013 Der Sensetaler, mars 2013<\/a><\/p>\n<p><a href=\"http:\/\/www.galuchat.ch\/fr\/wordpress\/wp-content\/uploads\/2013\/02\/2013_02_07_BZ.jpg\" target=\"_blank\" rel=\"noopener noreferrer\">Sie k\u00e4mpft f\u00fcr bedrohte Meerestiere<br \/>\nBerner Zeitung, 7 f\u00e9vrier 2013<\/a><\/p>\n<p><a href=\"http:\/\/www.galuchat.ch\/fr\/wordpress\/wp-content\/uploads\/2012\/09\/WCS_Partners_Sharks.pdf\" target=\"_blank\" rel=\"noopener noreferrer\">Advocate for the listing of sharks and rays under CITES<br \/>\nWildlife Conservation Society, 4 septembre 2012<\/a><\/p>\n<p><a href=\"http:\/\/www.galuchat.ch\/en\/wordpress\/wp-content\/uploads\/2012\/07\/2012_06_Mare_Artikel.jpg\" target=\"_blank\" rel=\"noopener noreferrer\">Verzicht auf Fischleder<br \/>\nMARE, juin\/juillet 2012<\/a><\/p>\n<p><a href=\"http:\/\/www.galuchat.ch\/fr\/wordpress\/wp-content\/uploads\/2012\/03\/2012_Baselworld_Lettre_Ouverte.pdf\" target=\"_blank\" rel=\"noopener noreferrer\">Lettre ouverte \u00e0 tous les exposants de la Baselworld 2012<br \/>\n10 mars 2012<\/a><\/p>\n<p><a href=\"http:\/\/www.galuchat.ch\/fr\/wordpress\/wp-content\/uploads\/2011\/06\/2011_04_27_20_Minuten.jpg\" target=\"_blank\" rel=\"noopener noreferrer\">Tiere sollen nicht f\u00fcr Uhren leiden<br \/>\n20 Minuten, 27 avril 2011<\/a><\/p>\n<p><a href=\"http:\/\/www.galuchat.ch\/fr\/wordpress\/wp-content\/uploads\/2011\/06\/2011_03_BBF_Journal.jpg\" target=\"_blank\" rel=\"noopener noreferrer\">N\u2019achetez pas de galuchat !<br \/>\nL\u2019Info-Journal Fondation Brigitte Bardot, N\u00b0 76, 1er trimestre 2011<\/a><\/p>\n<p><a href=\"http:\/\/www.galuchat.ch\/fr\/wordpress\/wp-content\/uploads\/2011\/04\/2011_04_01_La_Libert\u00e9_galuchat.jpg\" target=\"_blank\" rel=\"noopener noreferrer\">La face sombre du luxe<br \/>\nLa Libert\u00e9, 1er avril 2011<\/a><\/p>\n<p><a href=\"http:\/\/worldradio.ch\/wrs\/shows\/national\/fishy-business-campaigner-says-endangered-skins-us.shtml?23901\" target=\"_blank\" rel=\"noopener noreferrer\">Biologist slams Swiss watchmakers over use of endangered shark skin<\/a><a href=\"http:\/\/worldradio.ch\/wrs\/shows\/national\/fishy-business-campaigner-says-endangered-skins-us.shtml?23901\" target=\"_blank\" rel=\"noopener noreferrer\"><br \/>\nWorld Radio Switzerland, 29 mars 2011<\/a><\/p>\n<p><a href=\"http:\/\/www.galuchat.ch\/fr\/wordpress\/wp-content\/uploads\/2011\/03\/2011_03_26_Le_Temps_Zeitung.jpg\" target=\"_blank\" rel=\"noopener noreferrer\">L&#8217;horlogerie utilise encore &#8220;trop&#8221; de bracelets<br \/>\nd&#8217;esp\u00e8ces animales marines menac\u00e9es<br \/>\nLe Temps, 26 mars 2011<\/a><\/p>\n<p><a href=\"http:\/\/www.telebasel.ch\/de\/tv-archiv\/&amp;mid=497\" target=\"_blank\" rel=\"noopener noreferrer\">Baselworld 2011: Haifisch am Arm<br \/>\nTeleBasel, 25 mars 2011<\/a><\/p>\n<p><a href=\"http:\/\/www.onlinereports.ch\/News.99+M5cb0c45f64e.0.html\" target=\"_blank\" rel=\"noopener noreferrer\">Uhrenarm\u00e4nder: Reptilien und Fischen geht es an die Haut<br \/>\nonlinereports.ch, 23 mars 2011<\/a><\/p>\n<p><a href=\"http:\/\/www.galuchat.ch\/fr\/wordpress\/wp-content\/uploads\/2011\/03\/2011_03_22_Baslerland.jpg\" target=\"_blank\" rel=\"noopener noreferrer\">F\u00fcr Luxusuhren sterben gef\u00e4hrdete Wildtiere<br \/>\nBasellandschaftliche Zeitung, 22 mars 2011<\/a><\/p>\n<p><a href=\"http:\/\/www.galuchat.ch\/fr\/wordpress\/wp-content\/uploads\/2011\/03\/09-Baselworld-2011-Pas-de-peaux-exotiques-F.pdf\" target=\"_blank\" rel=\"noopener noreferrer\">Baselworld 2011<br \/>\nBas les pattes des peaux de serpents, varants, raies et requins!<br \/>\nCommuniqu\u00e9 de presse, 21 mars, 2011<\/a><\/p>\n<p><a href=\"http:\/\/www.galuchat.ch\/fr\/wordpress\/wp-content\/uploads\/2011\/02\/2011_02_10_Rochen_FH_Journal_F.jpg\" target=\"_blank\" rel=\"noopener noreferrer\">Raies et requins Campagne der protection<br \/>\nJournal de la f\u00e9d\u00e9ration horlog\u00e8re Suisse FH<br \/>\n10 f\u00e9vrier 2011<\/a><\/p>\n<p><a href=\"http:\/\/www.stern.de\/tv\/sterntv\/gequaelt-fuer-den-luxus-das-schlimme-geschaeft-mit-reptilienleder-1624381.html\" target=\"_blank\" rel=\"noopener noreferrer\">Gequ\u00e4lt f\u00fcr den Luxus<br \/>\nRTL Stern TV, 17 novembre, 2010<\/a><\/p>\n<p><a href=\"http:\/\/www.prowildlife.de\/PM16\/11\/10\" target=\"_blank\" rel=\"noopener noreferrer\">Reptilienleder: Kein Leiden f\u00fcr den Luxus!<br \/>\nPro Wildlife, 16 novembre, 2010<\/a><\/p>\n<p><a href=\"http:\/\/www.tierschutz.com\/\" target=\"_blank\" rel=\"noopener noreferrer\">Reptilienleder als Luxusartikel<br \/>\nSchweizer Tierschutz, 15 novembere, 2010<\/a><\/p>\n<p><a href=\"http:\/\/www.tsr.ch\/emissions\/mise-au-point\/2468796-mise-au-point.html\" target=\"_blank\" rel=\"noopener noreferrer\">&#8220;Mise au point&#8221;, TSR, 24 octobre, 2010<br \/>\nLe business choquant des peaux de reptile<\/a><\/p>\n<p><a href=\"http:\/\/www.regenwald.org\/mailalert\/630\/gucci-hermes-cartier-co-stoppt-das-schlangenschlachten-in-indonesien\" target=\"_blank\" rel=\"noopener noreferrer\">&#8220;Gucci, Herm\u00e8s, Cartier &amp; Co.: Stoppt das <\/a><a href=\"http:\/\/www.regenwald.org\/mailalert\/630\/gucci-hermes-cartier-co-stoppt-das-schlangenschlachten-in-indonesien\" target=\"_blank\" rel=\"noopener noreferrer\">Schlangenschlachten in Indonesien!<br \/>\nwww.regenwald.org, 22 octobre, 2010<\/a><\/p>\n<p><a href=\"https:\/\/www.srf.ch\/play\/tv\/rundschau\/video\/reptilienhaut-als-luxusartikel?urn=urn:srf:video:ab0c0138-ae62-4ebd-b038-45ef2d382f68&amp;station=69e8ac16-4327-4af4-b873-fd5cd6e895a7\" target=\"_blank\" rel=\"noopener noreferrer\"><img loading=\"lazy\" class=\"alignnone wp-image-546 size-full\" title=\"2010_10_13_Rundschau\" src=\"http:\/\/www.galuchat.ch\/fr\/wordpress\/wp-content\/uploads\/2010\/07\/2010_10_13_Rundschau.jpg\" alt=\"\" width=\"200\" height=\"170\" \/><\/a><\/p>\n<p><a href=\"https:\/\/www.srf.ch\/play\/tv\/rundschau\/video\/rundschau-vom-06-10-2010?urn=urn:srf:video:6afd9975-762d-44ae-bb7c-3bef729caf66\" target=\"_blank\" rel=\"noopener noreferrer\"><img loading=\"lazy\" class=\"alignnone wp-image-547 size-full\" title=\"2010_10_06_Rundschau\" src=\"http:\/\/www.galuchat.ch\/fr\/wordpress\/wp-content\/uploads\/2010\/07\/2010_10_06_Rundschau.jpg\" alt=\"\" width=\"200\" height=\"150\" \/><\/a><\/p>\n<p><a href=\"http:\/\/www.galuchat.ch\/fr\/wordpress\/wp-content\/uploads\/2010\/10\/animan.jpg\" target=\"_blank\" rel=\"noopener noreferrer\">Galuchat &#8211; Rochenleder in der Uhrenindustrie<br \/>\nANIMAN<br \/>\n<\/a><a href=\"http:\/\/www.galuchat.ch\/fr\/wordpress\/wp-content\/uploads\/2010\/10\/animan.jpg\" target=\"_blank\" rel=\"noopener noreferrer\">August\/Septemer 2010<\/a><\/p>\n<p><a href=\"http:\/\/www.galuchat.ch\/fr\/wordpress\/wp-content\/uploads\/2010\/07\/2010_02_19_LExpress_article_18_page.jpg\" target=\"_blank\" rel=\"noopener noreferrer\">Biologiste en croisade contre la peau de raie au poignet<br \/>\nL&#8217;Express &#8211; L&#8217;Imperial<\/a><a href=\"http:\/\/www.galuchat.ch\/fr\/wordpress\/wp-content\/uploads\/2010\/07\/2010_02_19_LExpress_article_18_page.jpg\" target=\"_blank\" rel=\"noopener noreferrer\"><br \/>\n19 f\u00e9vrier 2010<\/a><\/p>\n<p><a href=\"http:\/\/www.galuchat.ch\/fr\/wordpress\/wp-content\/uploads\/2010\/07\/06_06_FH_Journal1.jpg\" target=\"_blank\" rel=\"noopener noreferrer\">Convention CITES &#8211; Quid de la raie?<\/a><a href=\"http:\/\/www.galuchat.ch\/fr\/wordpress\/wp-content\/uploads\/2010\/07\/06_06_FH_Journal1.jpg\" target=\"_blank\" rel=\"noopener noreferrer\"><br \/>\nJournal de la f\u00e9d\u00e9ration horlog\u00e8re Suisse FH<br \/>\n14 juin 2007<\/a><\/p>\n<p><a href=\"http:\/\/www.galuchat.ch\/fr\/wordpress\/wp-content\/uploads\/2010\/11\/2007_Flyer_fr.pdf\" target=\"_blank\" rel=\"noopener noreferrer\">Les peaux de raies dans l&#8217;industrie horlog\u00e8re, prospectus<br \/>\nSoutenu par l&#8217;Office v\u00e9t\u00e9rinaire f\u00e9d\u00e9ral OVF, Suisse, autorit\u00e9 de g\u00e9stion CITES Suisse<\/a><\/p>\n","protected":false},"excerpt":{"rendered":"<p>Les animaux ressentent-ils la douleur ? part 1 part 2 ARTE X:enius, 20 avril 2015 Die Segler der Weltmeere Nereus 1, 2015 Segler der Weltmeere Schweizer Familie, October 2014 Une protection renforc\u00e9e pour cinque esp\u00e8ces de requins et pour toutes les raies manta Communiqu\u00e9 de presse CITES, 12 septembre 2014 Keine Rochen und Haie fu\u0308r [&hellip;]<\/p>\n","protected":false},"author":1,"featured_media":0,"parent":0,"menu_order":0,"comment_status":"open","ping_status":"closed","template":"","meta":[],"_links":{"self":[{"href":"https:\/\/www.galuchat.ch\/fr\/index.php?rest_route=\/wp\/v2\/pages\/195"}],"collection":[{"href":"https:\/\/www.galuchat.ch\/fr\/index.php?rest_route=\/wp\/v2\/pages"}],"about":[{"href":"https:\/\/www.galuchat.ch\/fr\/index.php?rest_route=\/wp\/v2\/types\/page"}],"author":[{"embeddable":true,"href":"https:\/\/www.galuchat.ch\/fr\/index.php?rest_route=\/wp\/v2\/users\/1"}],"replies":[{"embeddable":true,"href":"https:\/\/www.galuchat.ch\/fr\/index.php?rest_route=%2Fwp%2Fv2%2Fcomments&post=195"}],"version-history":[{"count":106,"href":"https:\/\/www.galuchat.ch\/fr\/index.php?rest_route=\/wp\/v2\/pages\/195\/revisions"}],"predecessor-version":[{"id":777,"href":"https:\/\/www.galuchat.ch\/fr\/index.php?rest_route=\/wp\/v2\/pages\/195\/revisions\/777"}],"wp:attachment":[{"href":"https:\/\/www.galuchat.ch\/fr\/index.php?rest_route=%2Fwp%2Fv2%2Fmedia&parent=195"}],"curies":[{"name":"wp","href":"https:\/\/api.w.org\/{rel}","templated":true}]}}