{"id":72,"date":"2010-06-23T20:24:20","date_gmt":"2010-06-23T20:24:20","guid":{"rendered":"http:\/\/www.galuchat.ch\/fr\/?page_id=72"},"modified":"2014-09-20T08:14:14","modified_gmt":"2014-09-20T08:14:14","slug":"home-2","status":"publish","type":"page","link":"https:\/\/www.galuchat.ch\/fr\/","title":{"rendered":"Home"},"content":{"rendered":"<h4><span style=\"color: #ffff99;\">POUR UNE HORLOGERIE ET UNE INDUSTRIE DE LUXE SANS GALUCHAT<\/span><\/h4>\n<p>Le galuchat est issu d&#8217;animaux sauvages qui sont en danger d&#8217;extinction: les raies et les requins.<\/p>\n<p>Les raies et les requins sont d\u00e9j\u00e0 tr\u00e8s touch\u00e9s par la surp\u00eache. L\u2019industrie horlog\u00e8re et de luxe soutient cette menace par l\u2019utilisation de galuchat, c&#8217;est-\u00e0-dire de la peau de raie et de requin.<\/p>\n<p>L&#8217;Oc\u00e9an ne compte plus que 10% de ces grands requins, tandis que les raies disparaissent en silence!<\/p>\n<p>Il n&#8217;existe pas d&#8217;\u00e9levage de raies et de requins utilis\u00e9s pour le cuir!<\/p>\n<p>Consultez la liste des marques horlog\u00e8res et de luxe qui ont dit NON au galuchat!<\/p>\n","protected":false},"excerpt":{"rendered":"<p>POUR UNE HORLOGERIE ET UNE INDUSTRIE DE LUXE SANS GALUCHAT Le galuchat est issu d&#8217;animaux sauvages qui sont en danger d&#8217;extinction: les raies et les requins. Les raies et les requins sont d\u00e9j\u00e0 tr\u00e8s touch\u00e9s par la surp\u00eache. L\u2019industrie horlog\u00e8re et de luxe soutient cette menace par l\u2019utilisation de galuchat, c&#8217;est-\u00e0-dire de la peau de [&hellip;]<\/p>\n","protected":false},"author":1,"featured_media":0,"parent":0,"menu_order":0,"comment_status":"open","ping_status":"closed","template":"","meta":[],"_links":{"self":[{"href":"https:\/\/www.galuchat.ch\/fr\/index.php?rest_route=\/wp\/v2\/pages\/72"}],"collection":[{"href":"https:\/\/www.galuchat.ch\/fr\/index.php?rest_route=\/wp\/v2\/pages"}],"about":[{"href":"https:\/\/www.galuchat.ch\/fr\/index.php?rest_route=\/wp\/v2\/types\/page"}],"author":[{"embeddable":true,"href":"https:\/\/www.galuchat.ch\/fr\/index.php?rest_route=\/wp\/v2\/users\/1"}],"replies":[{"embeddable":true,"href":"https:\/\/www.galuchat.ch\/fr\/index.php?rest_route=%2Fwp%2Fv2%2Fcomments&post=72"}],"version-history":[{"count":117,"href":"https:\/\/www.galuchat.ch\/fr\/index.php?rest_route=\/wp\/v2\/pages\/72\/revisions"}],"predecessor-version":[{"id":757,"href":"https:\/\/www.galuchat.ch\/fr\/index.php?rest_route=\/wp\/v2\/pages\/72\/revisions\/757"}],"wp:attachment":[{"href":"https:\/\/www.galuchat.ch\/fr\/index.php?rest_route=%2Fwp%2Fv2%2Fmedia&parent=72"}],"curies":[{"name":"wp","href":"https:\/\/api.w.org\/{rel}","templated":true}]}}